{"id":835,"date":"2022-11-30T05:53:32","date_gmt":"2022-11-30T05:53:32","guid":{"rendered":"https:\/\/1peacedivers.com\/contactez-nous\/"},"modified":"2025-11-05T01:28:15","modified_gmt":"2025-11-05T01:28:15","slug":"contactez-nous","status":"publish","type":"page","link":"https:\/\/1peacedivers.com\/fr\/contactez-nous\/","title":{"rendered":"Contactez nous"},"content":{"rendered":"<h1>Contactez-nous<\/h1>\n<h2>1PEACE DIVERS &#8211; CENTRE DE PLONG\u00c9E ANDA BOHOL<\/h2>\n<h2>FR\u00c9D\u00c9RIC DUFOUR (496189)<\/h2>\n<p>\t\t\t<iframe loading=\"lazy\"\n\t\t\t\t\tsrc=\"https:\/\/maps.google.com\/maps?q=1peace%20beach%20resort%2C%20Anda%2C%206311%20Bohol&#038;t=m&#038;z=11&#038;output=embed&#038;iwloc=near\"\n\t\t\t\t\ttitle=\"1peace beach resort, Anda, 6311 Bohol\"\n\t\t\t\t\taria-label=\"1peace beach resort, Anda, 6311 Bohol\"\n\t\t\t><\/iframe><\/p>\n<ul>\n<li>\n\t\t\t\t\t\t\t<svg aria-hidden=\"true\" viewBox=\"0 0 576 512\" xmlns=\"http:\/\/www.w3.org\/2000\/svg\"><path d=\"M280.37 148.26L96 300.11V464a16 16 0 0 0 16 16l112.06-.29a16 16 0 0 0 15.92-16V368a16 16 0 0 1 16-16h64a16 16 0 0 1 16 16v95.64a16 16 0 0 0 16 16.05L464 480a16 16 0 0 0 16-16V300L295.67 148.26a12.19 12.19 0 0 0-15.3 0zM571.6 251.47L488 182.56V44.05a12 12 0 0 0-12-12h-56a12 12 0 0 0-12 12v72.61L318.47 43a48 48 0 0 0-61 0L4.34 251.47a12 12 0 0 0-1.6 16.9l25.5 31A12 12 0 0 0 45.15 301l235.22-193.74a12.19 12.19 0 0 1 15.3 0L530.9 301a12 12 0 0 0 16.9-1.6l25.5-31a12 12 0 0 0-1.7-16.93z\"><\/path><\/svg><br \/>\n\t\t\t\t\t\t\t\t\t\t1Peace divers &amp; 1Peace beach resort<br \/>Virgen, Anda, 6311 Bohol\n\t\t\t\t\t\t\t\t\t<\/li>\n<li>\n\t\t\t\t\t\t\t\t\t\t\t<a href=\"https:\/\/wa.me\/639619482893\"><br \/>\n\t\t\t\t\t\t\t<svg aria-hidden=\"true\" viewBox=\"0 0 448 512\" xmlns=\"http:\/\/www.w3.org\/2000\/svg\"><path d=\"M380.9 97.1C339 55.1 283.2 32 223.9 32c-122.4 0-222 99.6-222 222 0 39.1 10.2 77.3 29.6 111L0 480l117.7-30.9c32.4 17.7 68.9 27 106.1 27h.1c122.3 0 224.1-99.6 224.1-222 0-59.3-25.2-115-67.1-157zm-157 341.6c-33.2 0-65.7-8.9-94-25.7l-6.7-4-69.8 18.3L72 359.2l-4.4-7c-18.5-29.4-28.2-63.3-28.2-98.2 0-101.7 82.8-184.5 184.6-184.5 49.3 0 95.6 19.2 130.4 54.1 34.8 34.9 56.2 81.2 56.1 130.5 0 101.8-84.9 184.6-186.6 184.6zm101.2-138.2c-5.5-2.8-32.8-16.2-37.9-18-5.1-1.9-8.8-2.8-12.5 2.8-3.7 5.6-14.3 18-17.6 21.8-3.2 3.7-6.5 4.2-12 1.4-32.6-16.3-54-29.1-75.5-66-5.7-9.8 5.7-9.1 16.3-30.3 1.8-3.7.9-6.9-.5-9.7-1.4-2.8-12.5-30.1-17.1-41.2-4.5-10.8-9.1-9.3-12.5-9.5-3.2-.2-6.9-.2-10.6-.2-3.7 0-9.7 1.4-14.8 6.9-5.1 5.6-19.4 19-19.4 46.3 0 27.3 19.9 53.7 22.6 57.4 2.8 3.7 39.1 59.7 94.8 83.8 35.2 15.2 49 16.5 66.6 13.9 10.7-1.6 32.8-13.4 37.4-26.4 4.6-13 4.6-24.1 3.2-26.4-1.3-2.5-5-3.9-10.5-6.6z\"><\/path><\/svg><br \/>\n\t\t\t\t\t\t\t\t\t\tChat sur WhatsApp<br \/>\n\t\t\t\t\t\t\t\t\t\t\t<\/a>\n\t\t\t\t\t\t\t\t\t<\/li>\n<\/ul>\n<p>\t\t\t<a href=\"https:\/\/web.facebook.com\/profile.php?id=100069948731221\" target=\"_blank\"><br \/>\n\t\t\t<svg aria-hidden=\"true\" viewBox=\"0 0 448 512\" xmlns=\"http:\/\/www.w3.org\/2000\/svg\"><path d=\"M400 32H48A48 48 0 0 0 0 80v352a48 48 0 0 0 48 48h137.25V327.69h-63V256h63v-54.64c0-62.15 37-96.48 93.67-96.48 27.14 0 55.52 4.84 55.52 4.84v61h-31.27c-30.81 0-40.42 19.12-40.42 38.73V256h68.78l-11 71.69h-57.78V480H400a48 48 0 0 0 48-48V80a48 48 0 0 0-48-48z\"><\/path><\/svg>\t\t\t<\/a><br \/>\n\t\t\t<a href=\"https:\/\/www.instagram.com\/1peacedivers\/\" target=\"_blank\"><br \/>\n\t\t\t<svg aria-hidden=\"true\" viewBox=\"0 0 448 512\" xmlns=\"http:\/\/www.w3.org\/2000\/svg\"><path d=\"M224.1 141c-63.6 0-114.9 51.3-114.9 114.9s51.3 114.9 114.9 114.9S339 319.5 339 255.9 287.7 141 224.1 141zm0 189.6c-41.1 0-74.7-33.5-74.7-74.7s33.5-74.7 74.7-74.7 74.7 33.5 74.7 74.7-33.6 74.7-74.7 74.7zm146.4-194.3c0 14.9-12 26.8-26.8 26.8-14.9 0-26.8-12-26.8-26.8s12-26.8 26.8-26.8 26.8 12 26.8 26.8zm76.1 27.2c-1.7-35.9-9.9-67.7-36.2-93.9-26.2-26.2-58-34.4-93.9-36.2-37-2.1-147.9-2.1-184.9 0-35.8 1.7-67.6 9.9-93.9 36.1s-34.4 58-36.2 93.9c-2.1 37-2.1 147.9 0 184.9 1.7 35.9 9.9 67.7 36.2 93.9s58 34.4 93.9 36.2c37 2.1 147.9 2.1 184.9 0 35.9-1.7 67.7-9.9 93.9-36.2 26.2-26.2 34.4-58 36.2-93.9 2.1-37 2.1-147.8 0-184.8zM398.8 388c-7.8 19.6-22.9 34.7-42.6 42.6-29.5 11.7-99.5 9-132.1 9s-102.7 2.6-132.1-9c-19.6-7.8-34.7-22.9-42.6-42.6-11.7-29.5-9-99.5-9-132.1s-2.6-102.7 9-132.1c7.8-19.6 22.9-34.7 42.6-42.6 29.5-11.7 99.5-9 132.1-9s102.7-2.6 132.1 9c19.6 7.8 34.7 22.9 42.6 42.6 11.7 29.5 9 99.5 9 132.1s2.7 102.7-9 132.1z\"><\/path><\/svg>\t\t\t<\/a><\/p>\n<h2>Formulaire de contact<\/h2>\n<style id=\"jet-form-builder-213-inline-css\"><\/style>\n<form  action=\"https:\/\/1peacedivers.com\/?Yo9ds6=LVfNMPp3JJ&amp;method=reload\" method=\"POST\" data-form-id=\"213\" data-layout=\"column\" enctype=\"multipart\/form-data\" novalidate=\"null\" ssr_validation_method=\"rest\"><input type=\"hidden\" id=\"_wpnonce\" name=\"_wpnonce\" value=\"23193cc68f\" \/><input type=\"hidden\" name=\"_wp_http_referer\" value=\"\/wp-admin\/admin-ajax.php\" \/><br \/>\n<input type=\"hidden\" name=\"_jfb_current_render_states[]\" value=\"DEFAULT.STATE\" data-jfb-sync \/><input type=\"hidden\" name=\"_jet_engine_booking_form_id\" data-field-name=\"_jet_engine_booking_form_id\" value=\"213\"><br \/>\n<input type=\"hidden\" name=\"_jet_engine_refer\" data-field-name=\"_jet_engine_refer\" value=\"https:\/\/1peacedivers.com\/\"><br \/>\n<input type=\"hidden\" name=\"__queried_post_id\" data-field-name=\"__queried_post_id\" value=\"-1\"><br \/>\nName *<br \/>\n\t\t\t\t<input required=\"required\" name=\"name\" id=\"name_1\" type=\"text\" data-field-name=\"name\" data-jfb-sync=\"null\" autocomplete=\"off_m4x2SOnt\"><br \/>\nCountry<br \/>\n\t\t\t\t<input name=\"country\" id=\"country_1\" type=\"text\" data-field-name=\"country\" data-jfb-sync=\"null\" autocomplete=\"off_VpkuDShA\"><br \/>\nEmail *<br \/>\n\t\t\t\t<input required=\"required\" name=\"email\" id=\"email_1\" type=\"email\" data-field-name=\"email\" data-jfb-sync=\"null\" autocomplete=\"off_i9Kw0Fy7\"><br \/>\nPhone<br \/>\n\t\t\t\t<input name=\"phone\" id=\"phone_1\" type=\"text\" data-field-name=\"phone\" data-jfb-sync=\"null\" autocomplete=\"off_4Vc18pHi\"><br \/>\nMessage<br \/>\n\t\t<textarea name=\"message\" data-field-name=\"message\" id=\"message_1\" data-jfb-sync=\"null\"><\/textarea><br \/>\n\t<button type=\"submit\">SEND MESSAGE<\/button><br \/>\n<\/form>\n<h2>Vous cherchez un logement ?<\/h2>\n<h2>S\u00e9journez avec nous au 1PEACE BEACH RESORT<\/h2>\n<p>Situ\u00e9 dans la ville paisible d&rsquo;Anda, Bohol, entour\u00e9 d&rsquo;une nature magnifique, 1Peace Beach Resort propose un h\u00e9bergement en bord de mer.<\/p>\n<p>Nous disposons de chambres familiales, de chambres doubles et de chambres de type dortoir.<\/p>\n<p>Le chef de l&rsquo;\u00e9tablissement vous propose des plats frais provenant du march\u00e9 local et des herbes et l\u00e9gumes de sa propre ferme.<\/p>\n<p>Vous pourrez d\u00e9guster de d\u00e9licieux cocktails ou des bi\u00e8res fra\u00eeches en regardant la mer ou le coucher du soleil.<\/p>\n<p>Bienvenue \u00e0 1Peace !<\/p>\n<p>\t\t\t\t\t<a href=\"https:\/\/1peacebeachresort.com\/\" target=\"_blank\"><br \/>\n\t\t\t\t\t\t\t\t\tVisitez WWW.1PEACEBEACHRESORT.COM<br \/>\n\t\t\t\t\t<\/a><\/p>\n<figure><img decoding=\"async\" src=\"https:\/\/1peacedivers.com\/wp-content\/uploads\/2022\/12\/beach-resort-anda-bohol-768x768.jpg\" alt=\"beach-resort-anda-bohol\" \/><\/figure>\n<figure><img decoding=\"async\" src=\"https:\/\/1peacedivers.com\/wp-content\/uploads\/2022\/11\/1peace-beach-resort-02-768x768.jpg\" alt=\"1peace-beach-resort-02\" \/><\/figure>\n<figure><img decoding=\"async\" src=\"https:\/\/1peacedivers.com\/wp-content\/uploads\/2022\/11\/1peace-beach-resort-03-768x768.jpg\" alt=\"1peace-beach-resort-03\" \/><\/figure>\n<figure><img decoding=\"async\" src=\"https:\/\/1peacedivers.com\/wp-content\/uploads\/2022\/11\/1peace-beach-resort-04-768x768.jpg\" alt=\"1peace-beach-resort-04\" \/><\/figure>\n<figure><img decoding=\"async\" src=\"https:\/\/1peacedivers.com\/wp-content\/uploads\/2022\/12\/beach-resort-anda-bohol-768x768.jpg\" alt=\"beach-resort-anda-bohol\" \/><\/figure>\n<p>\t\t\t\t\t\t<svg aria-hidden=\"true\" viewBox=\"0 0 1000 1000\" xmlns=\"http:\/\/www.w3.org\/2000\/svg\"><path d=\"M646 125C629 125 613 133 604 142L308 442C296 454 292 471 292 487 292 504 296 521 308 533L604 854C617 867 629 875 646 875 663 875 679 871 692 858 704 846 713 829 713 812 713 796 708 779 692 767L438 487 692 225C700 217 708 204 708 187 708 171 704 154 692 142 675 129 663 125 646 125Z\"><\/path><\/svg><br \/>\n\t\t\t\t\t\t<svg aria-hidden=\"true\" viewBox=\"0 0 1000 1000\" xmlns=\"http:\/\/www.w3.org\/2000\/svg\"><path d=\"M696 533C708 521 713 504 713 487 713 471 708 454 696 446L400 146C388 133 375 125 354 125 338 125 325 129 313 142 300 154 292 171 292 187 292 204 296 221 308 233L563 492 304 771C292 783 288 800 288 817 288 833 296 850 308 863 321 871 338 875 354 875 371 875 388 867 400 854L696 533Z\"><\/path><\/svg><\/p>\n","protected":false},"excerpt":{"rendered":"<p>Contactez-nous 1PEACE DIVERS &#8211; CENTRE DE PLONG\u00c9E ANDA BOHOL FR\u00c9D\u00c9RIC DUFOUR (496189) 1Peace divers &amp; 1Peace beach resortVirgen, Anda, 6311 Bohol Chat sur WhatsApp Formulaire de contact Name * Country Email * Phone Message SEND MESSAGE Vous cherchez un logement ? S\u00e9journez avec nous au 1PEACE BEACH RESORT Situ\u00e9 dans la ville paisible d&rsquo;Anda, Bohol, [&hellip;]<\/p>\n","protected":false},"author":1,"featured_media":0,"parent":0,"menu_order":0,"comment_status":"closed","ping_status":"closed","template":"","meta":{"footnotes":""},"class_list":["post-835","page","type-page","status-publish","hentry"],"yoast_head":"<!-- This site is optimized with the Yoast SEO plugin v25.9 - https:\/\/yoast.com\/wordpress\/plugins\/seo\/ -->\n<title>1Peace divers - Contactez-nous - Centre de plong\u00e9e Anda, Bohol, Philippines.<\/title>\n<meta name=\"description\" content=\"Contactez notre boutique de plong\u00e9e pour obtenir plus d&#039;informations sur la plong\u00e9e sous-marine \u00e0 Anda, Bohol. Nous proposons des cours pour les plongeurs d\u00e9butants et \u00e9galement avanc\u00e9s.\" \/>\n<meta name=\"robots\" content=\"index, follow, max-snippet:-1, max-image-preview:large, max-video-preview:-1\" \/>\n<link rel=\"canonical\" href=\"https:\/\/1peacedivers.com\/fr\/contactez-nous\/\" \/>\n<meta property=\"og:locale\" content=\"fr_FR\" \/>\n<meta property=\"og:type\" content=\"article\" \/>\n<meta property=\"og:title\" content=\"1Peace divers - Contactez-nous - Centre de plong\u00e9e Anda, Bohol, Philippines.\" \/>\n<meta property=\"og:description\" content=\"Contactez notre boutique de plong\u00e9e pour obtenir plus d&#039;informations sur la plong\u00e9e sous-marine \u00e0 Anda, Bohol. Nous proposons des cours pour les plongeurs d\u00e9butants et \u00e9galement avanc\u00e9s.\" \/>\n<meta property=\"og:url\" content=\"https:\/\/1peacedivers.com\/fr\/contactez-nous\/\" \/>\n<meta property=\"og:site_name\" content=\"1Peace divers\" \/>\n<meta property=\"article:modified_time\" content=\"2025-11-05T01:28:15+00:00\" \/>\n<meta property=\"og:image\" content=\"https:\/\/1peacedivers.com\/wp-content\/uploads\/2022\/12\/1peacediversFB-1024x538.jpg\" \/>\n<meta name=\"twitter:card\" content=\"summary_large_image\" \/>\n<meta name=\"twitter:label1\" content=\"Dur\u00e9e de lecture estim\u00e9e\" \/>\n\t<meta name=\"twitter:data1\" content=\"3 minutes\" \/>\n<script type=\"application\/ld+json\" class=\"yoast-schema-graph\">{\"@context\":\"https:\/\/schema.org\",\"@graph\":[{\"@type\":\"WebPage\",\"@id\":\"https:\/\/1peacedivers.com\/fr\/contactez-nous\/\",\"url\":\"https:\/\/1peacedivers.com\/fr\/contactez-nous\/\",\"name\":\"1Peace divers - Contactez-nous - Centre de plong\u00e9e Anda, Bohol, Philippines.\",\"isPartOf\":{\"@id\":\"https:\/\/1peacedivers.com\/fr\/#website\"},\"primaryImageOfPage\":{\"@id\":\"https:\/\/1peacedivers.com\/fr\/contactez-nous\/#primaryimage\"},\"image\":{\"@id\":\"https:\/\/1peacedivers.com\/fr\/contactez-nous\/#primaryimage\"},\"thumbnailUrl\":\"https:\/\/1peacedivers.com\/wp-content\/uploads\/2022\/12\/beach-resort-anda-bohol-768x768.jpg\",\"datePublished\":\"2022-11-30T05:53:32+00:00\",\"dateModified\":\"2025-11-05T01:28:15+00:00\",\"description\":\"Contactez notre boutique de plong\u00e9e pour obtenir plus d'informations sur la plong\u00e9e sous-marine \u00e0 Anda, Bohol. Nous proposons des cours pour les plongeurs d\u00e9butants et \u00e9galement avanc\u00e9s.\",\"breadcrumb\":{\"@id\":\"https:\/\/1peacedivers.com\/fr\/contactez-nous\/#breadcrumb\"},\"inLanguage\":\"fr-FR\",\"potentialAction\":[{\"@type\":\"ReadAction\",\"target\":[\"https:\/\/1peacedivers.com\/fr\/contactez-nous\/\"]}]},{\"@type\":\"ImageObject\",\"inLanguage\":\"fr-FR\",\"@id\":\"https:\/\/1peacedivers.com\/fr\/contactez-nous\/#primaryimage\",\"url\":\"https:\/\/1peacedivers.com\/wp-content\/uploads\/2022\/12\/beach-resort-anda-bohol-768x768.jpg\",\"contentUrl\":\"https:\/\/1peacedivers.com\/wp-content\/uploads\/2022\/12\/beach-resort-anda-bohol-768x768.jpg\"},{\"@type\":\"BreadcrumbList\",\"@id\":\"https:\/\/1peacedivers.com\/fr\/contactez-nous\/#breadcrumb\",\"itemListElement\":[{\"@type\":\"ListItem\",\"position\":1,\"name\":\"Accueil\",\"item\":\"https:\/\/1peacedivers.com\/fr\/\"},{\"@type\":\"ListItem\",\"position\":2,\"name\":\"Contactez nous\"}]},{\"@type\":\"WebSite\",\"@id\":\"https:\/\/1peacedivers.com\/fr\/#website\",\"url\":\"https:\/\/1peacedivers.com\/fr\/\",\"name\":\"1Peace divers\",\"description\":\"Dive Center Anda Bohol\",\"publisher\":{\"@id\":\"https:\/\/1peacedivers.com\/fr\/#organization\"},\"alternateName\":\"Dive center anda bohol\",\"potentialAction\":[{\"@type\":\"SearchAction\",\"target\":{\"@type\":\"EntryPoint\",\"urlTemplate\":\"https:\/\/1peacedivers.com\/fr\/?s={search_term_string}\"},\"query-input\":{\"@type\":\"PropertyValueSpecification\",\"valueRequired\":true,\"valueName\":\"search_term_string\"}}],\"inLanguage\":\"fr-FR\"},{\"@type\":\"Organization\",\"@id\":\"https:\/\/1peacedivers.com\/fr\/#organization\",\"name\":\"1Peace divers - Dive Center Anda Bohol\",\"url\":\"https:\/\/1peacedivers.com\/fr\/\",\"logo\":{\"@type\":\"ImageObject\",\"inLanguage\":\"fr-FR\",\"@id\":\"https:\/\/1peacedivers.com\/fr\/#\/schema\/logo\/image\/\",\"url\":\"https:\/\/1peacedivers.com\/wp-content\/uploads\/2022\/11\/logo-1peacedivers-ph.png\",\"contentUrl\":\"https:\/\/1peacedivers.com\/wp-content\/uploads\/2022\/11\/logo-1peacedivers-ph.png\",\"width\":450,\"height\":469,\"caption\":\"1Peace divers - Dive Center Anda Bohol\"},\"image\":{\"@id\":\"https:\/\/1peacedivers.com\/fr\/#\/schema\/logo\/image\/\"}}]}<\/script>\n<!-- \/ Yoast SEO plugin. -->","yoast_head_json":{"title":"1Peace divers - Contactez-nous - Centre de plong\u00e9e Anda, Bohol, Philippines.","description":"Contactez notre boutique de plong\u00e9e pour obtenir plus d'informations sur la plong\u00e9e sous-marine \u00e0 Anda, Bohol. Nous proposons des cours pour les plongeurs d\u00e9butants et \u00e9galement avanc\u00e9s.","robots":{"index":"index","follow":"follow","max-snippet":"max-snippet:-1","max-image-preview":"max-image-preview:large","max-video-preview":"max-video-preview:-1"},"canonical":"https:\/\/1peacedivers.com\/fr\/contactez-nous\/","og_locale":"fr_FR","og_type":"article","og_title":"1Peace divers - Contactez-nous - Centre de plong\u00e9e Anda, Bohol, Philippines.","og_description":"Contactez notre boutique de plong\u00e9e pour obtenir plus d'informations sur la plong\u00e9e sous-marine \u00e0 Anda, Bohol. Nous proposons des cours pour les plongeurs d\u00e9butants et \u00e9galement avanc\u00e9s.","og_url":"https:\/\/1peacedivers.com\/fr\/contactez-nous\/","og_site_name":"1Peace divers","article_modified_time":"2025-11-05T01:28:15+00:00","og_image":[{"url":"https:\/\/1peacedivers.com\/wp-content\/uploads\/2022\/12\/1peacediversFB-1024x538.jpg","type":"","width":"","height":""}],"twitter_card":"summary_large_image","twitter_misc":{"Dur\u00e9e de lecture estim\u00e9e":"3 minutes"},"schema":{"@context":"https:\/\/schema.org","@graph":[{"@type":"WebPage","@id":"https:\/\/1peacedivers.com\/fr\/contactez-nous\/","url":"https:\/\/1peacedivers.com\/fr\/contactez-nous\/","name":"1Peace divers - Contactez-nous - Centre de plong\u00e9e Anda, Bohol, Philippines.","isPartOf":{"@id":"https:\/\/1peacedivers.com\/fr\/#website"},"primaryImageOfPage":{"@id":"https:\/\/1peacedivers.com\/fr\/contactez-nous\/#primaryimage"},"image":{"@id":"https:\/\/1peacedivers.com\/fr\/contactez-nous\/#primaryimage"},"thumbnailUrl":"https:\/\/1peacedivers.com\/wp-content\/uploads\/2022\/12\/beach-resort-anda-bohol-768x768.jpg","datePublished":"2022-11-30T05:53:32+00:00","dateModified":"2025-11-05T01:28:15+00:00","description":"Contactez notre boutique de plong\u00e9e pour obtenir plus d'informations sur la plong\u00e9e sous-marine \u00e0 Anda, Bohol. Nous proposons des cours pour les plongeurs d\u00e9butants et \u00e9galement avanc\u00e9s.","breadcrumb":{"@id":"https:\/\/1peacedivers.com\/fr\/contactez-nous\/#breadcrumb"},"inLanguage":"fr-FR","potentialAction":[{"@type":"ReadAction","target":["https:\/\/1peacedivers.com\/fr\/contactez-nous\/"]}]},{"@type":"ImageObject","inLanguage":"fr-FR","@id":"https:\/\/1peacedivers.com\/fr\/contactez-nous\/#primaryimage","url":"https:\/\/1peacedivers.com\/wp-content\/uploads\/2022\/12\/beach-resort-anda-bohol-768x768.jpg","contentUrl":"https:\/\/1peacedivers.com\/wp-content\/uploads\/2022\/12\/beach-resort-anda-bohol-768x768.jpg"},{"@type":"BreadcrumbList","@id":"https:\/\/1peacedivers.com\/fr\/contactez-nous\/#breadcrumb","itemListElement":[{"@type":"ListItem","position":1,"name":"Accueil","item":"https:\/\/1peacedivers.com\/fr\/"},{"@type":"ListItem","position":2,"name":"Contactez nous"}]},{"@type":"WebSite","@id":"https:\/\/1peacedivers.com\/fr\/#website","url":"https:\/\/1peacedivers.com\/fr\/","name":"1Peace divers","description":"Dive Center Anda Bohol","publisher":{"@id":"https:\/\/1peacedivers.com\/fr\/#organization"},"alternateName":"Dive center anda bohol","potentialAction":[{"@type":"SearchAction","target":{"@type":"EntryPoint","urlTemplate":"https:\/\/1peacedivers.com\/fr\/?s={search_term_string}"},"query-input":{"@type":"PropertyValueSpecification","valueRequired":true,"valueName":"search_term_string"}}],"inLanguage":"fr-FR"},{"@type":"Organization","@id":"https:\/\/1peacedivers.com\/fr\/#organization","name":"1Peace divers - Dive Center Anda Bohol","url":"https:\/\/1peacedivers.com\/fr\/","logo":{"@type":"ImageObject","inLanguage":"fr-FR","@id":"https:\/\/1peacedivers.com\/fr\/#\/schema\/logo\/image\/","url":"https:\/\/1peacedivers.com\/wp-content\/uploads\/2022\/11\/logo-1peacedivers-ph.png","contentUrl":"https:\/\/1peacedivers.com\/wp-content\/uploads\/2022\/11\/logo-1peacedivers-ph.png","width":450,"height":469,"caption":"1Peace divers - Dive Center Anda Bohol"},"image":{"@id":"https:\/\/1peacedivers.com\/fr\/#\/schema\/logo\/image\/"}}]}},"_links":{"self":[{"href":"https:\/\/1peacedivers.com\/fr\/wp-json\/wp\/v2\/pages\/835","targetHints":{"allow":["GET"]}}],"collection":[{"href":"https:\/\/1peacedivers.com\/fr\/wp-json\/wp\/v2\/pages"}],"about":[{"href":"https:\/\/1peacedivers.com\/fr\/wp-json\/wp\/v2\/types\/page"}],"author":[{"embeddable":true,"href":"https:\/\/1peacedivers.com\/fr\/wp-json\/wp\/v2\/users\/1"}],"replies":[{"embeddable":true,"href":"https:\/\/1peacedivers.com\/fr\/wp-json\/wp\/v2\/comments?post=835"}],"version-history":[{"count":3,"href":"https:\/\/1peacedivers.com\/fr\/wp-json\/wp\/v2\/pages\/835\/revisions"}],"predecessor-version":[{"id":1097,"href":"https:\/\/1peacedivers.com\/fr\/wp-json\/wp\/v2\/pages\/835\/revisions\/1097"}],"wp:attachment":[{"href":"https:\/\/1peacedivers.com\/fr\/wp-json\/wp\/v2\/media?parent=835"}],"curies":[{"name":"wp","href":"https:\/\/api.w.org\/{rel}","templated":true}]}}